{"id":208,"date":"2023-04-12T16:10:47","date_gmt":"2023-04-12T14:10:47","guid":{"rendered":"http:\/\/salon-pedrero.fr\/salon-pedrero\/?page_id=208"},"modified":"2025-06-24T12:06:36","modified_gmt":"2025-06-24T10:06:36","slug":"pedrero","status":"publish","type":"page","link":"https:\/\/salon-pedrero.fr\/salon-pedrero\/pedrero\/","title":{"rendered":"PEDRERO"},"content":{"rendered":"<p>[et_pb_section fb_built=\u00a0\u00bb1&Prime; _builder_version=\u00a0\u00bb4.20.4&Prime; _module_preset=\u00a0\u00bbdefault\u00a0\u00bb background_color=\u00a0\u00bb#EBFFFF\u00a0\u00bb top_divider_style=\u00a0\u00bbcurve\u00a0\u00bb top_divider_color=\u00a0\u00bb#F48432&Prime; top_divider_flip=\u00a0\u00bbvertical\u00a0\u00bb global_colors_info=\u00a0\u00bb{}\u00a0\u00bb][et_pb_row _builder_version=\u00a0\u00bb4.20.4&Prime; _module_preset=\u00a0\u00bbdefault\u00a0\u00bb global_colors_info=\u00a0\u00bb{}\u00a0\u00bb][et_pb_column type=\u00a0\u00bb4_4&Prime; _builder_version=\u00a0\u00bb4.20.4&Prime; _module_preset=\u00a0\u00bbdefault\u00a0\u00bb global_colors_info=\u00a0\u00bb{}\u00a0\u00bb][et_pb_text _builder_version=\u00a0\u00bb4.20.4&Prime; _module_preset=\u00a0\u00bbdefault\u00a0\u00bb text_font=\u00a0\u00bbPoppins||||||||\u00a0\u00bb text_text_color=\u00a0\u00bb#153E8E\u00a0\u00bb header_2_font=\u00a0\u00bbBebas Neue||||||||\u00a0\u00bb header_2_text_color=\u00a0\u00bb#F48432&Prime; header_2_font_size=\u00a0\u00bb60px\u00a0\u00bb hover_enabled=\u00a0\u00bb0&Prime; global_colors_info=\u00a0\u00bb{}\u00a0\u00bb sticky_enabled=\u00a0\u00bb0&Prime;]<\/p>\n<h2><span>Notre Histoire<br \/><\/span><\/h2>\n<div id=\"attachment_2545\" class=\"wp-caption alignright\">\n<p><img loading=\"lazy\" decoding=\"async\" aria-describedby=\"caption-attachment-2545\" class=\"wp-image-2545 size-full\" src=\"http:\/\/salon-pedrero.fr\/salon-pedrero\/wp-content\/uploads\/2023\/05\/philippe-pedrero-societe-distributeur-backeurop.jpg\" alt=\"\" width=\"160\" height=\"240\" \/><\/p>\n<p id=\"caption-attachment-2545\" class=\"wp-caption-text\">M. Philippe Pedrero, PDG<\/p>\n<\/div>\n<p>&nbsp;<\/p>\n<p><span style=\"color: #000000;\">L<\/span><strong>\u2018histoire<\/strong><span>\u00a0<\/span><span style=\"color: #000000;\">de l\u2019entreprise<\/span><span>\u00a0<\/span><strong>Pedrero<span>\u00a0<\/span><\/strong><span style=\"color: #000000;\">d\u00e9marre en 1958, quand le p\u00e8re<\/span><span>\u00a0<\/span><strong><em>G\u00e9rard Pedrero<\/em><\/strong><span>\u00a0<\/span><span style=\"color: #000000;\">d\u00e9cide de prendre sa 2 CV pour aller livrer les boulangers-p\u00e2tissiers du Narbonnais, avec leur savoir-faire ancestral et typiquement fran\u00e7ais. Les marchandises \u00e9taient alors entrepos\u00e9es Rue Yvan-P\u00e9lissier, chez la grand-m\u00e8re du PDG actuel\u00a0<\/span><strong><em>Philippe Pedrero<\/em><\/strong><span style=\"color: #000000;\">, qui a pris il y a seize ans la succession de son p\u00e8re. Depuis l\u2019entreprise narbonnaise s\u2019est donn\u00e9e les moyens d\u2019assurer son d\u00e9veloppement. Depuis l\u2019origine, l\u2019activit\u00e9 de Pedrero SAS a fortement progress\u00e9, elle a plus que doubl\u00e9, en se dotant d\u2019une politique de croissance mesur\u00e9e et efficace, dans un cadre humain et familial, l\u2019exemple d\u2019une entreprise qui a r\u00e9ussi dans tous les sens du terme.<\/span><\/p>\n<p><span><strong>AUJOURD\u2019HUI<\/strong><\/span><\/p>\n<p><span style=\"color: #000000;\">Un passage r\u00e9ussi d\u2019une g\u00e9n\u00e9ration \u00e0 l\u2019autre et qui maintient la performance et la continuit\u00e9 du d\u00e9veloppement de l\u2019entreprise dans le territoire et \u00e0 l\u2019export.<\/span><\/p>\n<p>[\/et_pb_text][et_pb_video src=\u00a0\u00bbhttps:\/\/www.youtube.com\/watch?v=twwTRUZ6te4&Prime; _builder_version=\u00a0\u00bb4.20.4&Prime; _module_preset=\u00a0\u00bbdefault\u00a0\u00bb locked=\u00a0\u00bboff\u00a0\u00bb global_colors_info=\u00a0\u00bb{}\u00a0\u00bb][\/et_pb_video][\/et_pb_column][\/et_pb_row][et_pb_row _builder_version=\u00a0\u00bb4.20.4&Prime; _module_preset=\u00a0\u00bbdefault\u00a0\u00bb global_colors_info=\u00a0\u00bb{}\u00a0\u00bb][et_pb_column type=\u00a0\u00bb4_4&Prime; _builder_version=\u00a0\u00bb4.20.4&Prime; _module_preset=\u00a0\u00bbdefault\u00a0\u00bb global_colors_info=\u00a0\u00bb{}\u00a0\u00bb][et_pb_image src=\u00a0\u00bbhttp:\/\/salon-pedrero.fr\/salon-pedrero\/wp-content\/uploads\/2023\/05\/pedrero-patisserie-boulangerie-entrepot-recent.png\u00a0\u00bb title_text=\u00a0\u00bbpedrero-patisserie-boulangerie-entrepot-recent\u00a0\u00bb force_fullwidth=\u00a0\u00bbon\u00a0\u00bb _builder_version=\u00a0\u00bb4.20.4&Prime; _module_preset=\u00a0\u00bbdefault\u00a0\u00bb global_colors_info=\u00a0\u00bb{}\u00a0\u00bb][\/et_pb_image][et_pb_divider color=\u00a0\u00bb#153E8E\u00a0\u00bb divider_weight=\u00a0\u00bb5px\u00a0\u00bb _builder_version=\u00a0\u00bb4.20.4&Prime; _module_preset=\u00a0\u00bbdefault\u00a0\u00bb global_colors_info=\u00a0\u00bb{}\u00a0\u00bb][\/et_pb_divider][\/et_pb_column][\/et_pb_row][et_pb_row _builder_version=\u00a0\u00bb4.20.4&Prime; _module_preset=\u00a0\u00bbdefault\u00a0\u00bb global_colors_info=\u00a0\u00bb{}\u00a0\u00bb][et_pb_column type=\u00a0\u00bb4_4&Prime; _builder_version=\u00a0\u00bb4.20.4&Prime; _module_preset=\u00a0\u00bbdefault\u00a0\u00bb global_colors_info=\u00a0\u00bb{}\u00a0\u00bb][et_pb_text _builder_version=\u00a0\u00bb4.20.4&Prime; _module_preset=\u00a0\u00bbdefault\u00a0\u00bb text_font=\u00a0\u00bbPoppins||||||||\u00a0\u00bb text_text_color=\u00a0\u00bb#153E8E\u00a0\u00bb header_3_font=\u00a0\u00bbBebas Neue||||||||\u00a0\u00bb header_3_text_color=\u00a0\u00bb#153E8E\u00a0\u00bb header_3_font_size=\u00a0\u00bb30px\u00a0\u00bb hover_enabled=\u00a0\u00bb0&Prime; global_colors_info=\u00a0\u00bb{}\u00a0\u00bb sticky_enabled=\u00a0\u00bb0&Prime;]<\/p>\n<h3><span style=\"color: #000000;\">A \u2013 Les chiffres cl\u00e9s<\/span><\/h3>\n<p><strong><\/strong><\/p>\n<div class=\"content-column three_fourth\"><\/div>\n<p><strong>Cr\u00e9\u00e9e en 1958,<\/strong><span>\u00a0<span style=\"color: #000000;\">Pedrero est une\u00a0<\/span><\/span><strong>entreprise familiale<\/strong><span>\u00a0<span style=\"color: #000000;\">situ\u00e9e \u00e0 Narbonne (dans le sud de la France). Pedrero r\u00e9alise aujourd\u2019hui pr\u00e8s de<\/span>\u00a0<\/span><strong>20,8 millions d\u2019euros de chiffre d\u2019affaires<\/strong><span>.<\/span><\/p>\n<p><span style=\"color: #000000;\">La soci\u00e9t\u00e9 compte aujourd\u2019hui pr\u00e8s de\u00a0<\/span><strong>quatre-vingt employ\u00e9s<span>\u00a0<\/span><\/strong><span style=\"color: #000000;\">intervenant sur plusieurs d\u00e9partements :<\/span><\/p>\n<p>[\/et_pb_text][et_pb_image src=\u00a0\u00bbhttp:\/\/salon-pedrero.fr\/salon-pedrero\/wp-content\/uploads\/2023\/05\/carte-pedrero-france-2023-2.jpg\u00a0\u00bb title_text=\u00a0\u00bbcarte-pedrero-france-2023&Prime; force_fullwidth=\u00a0\u00bbon\u00a0\u00bb _builder_version=\u00a0\u00bb4.20.4&Prime; _module_preset=\u00a0\u00bbdefault\u00a0\u00bb global_colors_info=\u00a0\u00bb{}\u00a0\u00bb][\/et_pb_image][et_pb_divider color=\u00a0\u00bb#153E8E\u00a0\u00bb divider_weight=\u00a0\u00bb5px\u00a0\u00bb _builder_version=\u00a0\u00bb4.20.4&Prime; _module_preset=\u00a0\u00bbdefault\u00a0\u00bb global_colors_info=\u00a0\u00bb{}\u00a0\u00bb][\/et_pb_divider][\/et_pb_column][\/et_pb_row][et_pb_row _builder_version=\u00a0\u00bb4.20.4&Prime; _module_preset=\u00a0\u00bbdefault\u00a0\u00bb global_colors_info=\u00a0\u00bb{}\u00a0\u00bb][et_pb_column type=\u00a0\u00bb4_4&Prime; _builder_version=\u00a0\u00bb4.20.4&Prime; _module_preset=\u00a0\u00bbdefault\u00a0\u00bb global_colors_info=\u00a0\u00bb{}\u00a0\u00bb][et_pb_text _builder_version=\u00a0\u00bb4.20.4&Prime; _module_preset=\u00a0\u00bbdefault\u00a0\u00bb text_font=\u00a0\u00bbPoppins||||||||\u00a0\u00bb text_text_color=\u00a0\u00bb#153E8E\u00a0\u00bb header_3_font=\u00a0\u00bbBebas Neue||||||||\u00a0\u00bb header_3_text_color=\u00a0\u00bb#153E8E\u00a0\u00bb header_3_font_size=\u00a0\u00bb30px\u00a0\u00bb hover_enabled=\u00a0\u00bb0&Prime; global_colors_info=\u00a0\u00bb{}\u00a0\u00bb sticky_enabled=\u00a0\u00bb0&Prime;]<\/p>\n<h3><span style=\"color: #000000;\">B \u2013 Les produits commercialis\u00e9s<\/span><\/h3>\n<p><span><\/span><\/p>\n<p><span style=\"color: #000000;\">Sp\u00e9cialis\u00e9e dans les<\/span><span>\u00a0<\/span><strong>produits pour les professionnels de la boulangerie\u00a0 de la p\u00e2tisserie et de la restauration<\/strong><span style=\"color: #000000;\">, les \u00e9tablissements PEDRERO livrent des produits alimentaires (produits frais, secs et surgel\u00e9s) et non-alimentaires (emballages). Des catalogues papiers r\u00e9serv\u00e9s aux professionnels sont aujourd\u2019hui \u00e9dit\u00e9s.<\/span><\/p>\n<p><span style=\"color: #000000;\">Les produits commercialis\u00e9s sont h\u00e9t\u00e9rog\u00e8nes en termes de forme, poids, temp\u00e9rature et fragilit\u00e9 :<\/span><\/p>\n<p>[\/et_pb_text][et_pb_image src=\u00a0\u00bbhttp:\/\/salon-pedrero.fr\/salon-pedrero\/wp-content\/uploads\/2023\/05\/pedrero-produits-secteur-patisserie-boulangerie-restauration-occitanie-sud-france.png\u00a0\u00bb title_text=\u00a0\u00bbpedrero-produits-secteur-patisserie-boulangerie-restauration-occitanie-sud-france\u00a0\u00bb force_fullwidth=\u00a0\u00bbon\u00a0\u00bb _builder_version=\u00a0\u00bb4.20.4&Prime; _module_preset=\u00a0\u00bbdefault\u00a0\u00bb global_colors_info=\u00a0\u00bb{}\u00a0\u00bb][\/et_pb_image][et_pb_text _builder_version=\u00a0\u00bb4.20.4&Prime; _module_preset=\u00a0\u00bbdefault\u00a0\u00bb text_font=\u00a0\u00bbPoppins||||||||\u00a0\u00bb text_text_color=\u00a0\u00bb#153E8E\u00a0\u00bb header_3_font=\u00a0\u00bbBebas Neue||||||||\u00a0\u00bb header_3_text_color=\u00a0\u00bb#153E8E\u00a0\u00bb header_3_font_size=\u00a0\u00bb30px\u00a0\u00bb hover_enabled=\u00a0\u00bb0&Prime; global_colors_info=\u00a0\u00bb{}\u00a0\u00bb sticky_enabled=\u00a0\u00bb0&Prime;]<\/p>\n<p><span><span style=\"color: #000000;\">Pedrero a ainsi<\/span>\u00a0<\/span><strong>15 000 r\u00e9f\u00e9rences en catalogue<\/strong><span>\u00a0<span style=\"color: #000000;\">dont environ 3 500 r\u00e9f\u00e9rences en stock dans l\u2019entrep\u00f4t de Narbonne avec une\u00a0<\/span><\/span><strong>disponibilit\u00e9 imm\u00e9diate<\/strong><span>\u00a0<span style=\"color: #000000;\">pour ces r\u00e9f\u00e9rences (la disponibilit\u00e9 est de 3 semaines pour les r\u00e9f\u00e9rences non stock\u00e9es).<\/span><\/span><\/p>\n<p>[\/et_pb_text][et_pb_divider color=\u00a0\u00bb#153E8E\u00a0\u00bb divider_weight=\u00a0\u00bb5px\u00a0\u00bb _builder_version=\u00a0\u00bb4.20.4&Prime; _module_preset=\u00a0\u00bbdefault\u00a0\u00bb global_colors_info=\u00a0\u00bb{}\u00a0\u00bb][\/et_pb_divider][\/et_pb_column][\/et_pb_row][et_pb_row _builder_version=\u00a0\u00bb4.20.4&Prime; _module_preset=\u00a0\u00bbdefault\u00a0\u00bb global_colors_info=\u00a0\u00bb{}\u00a0\u00bb][et_pb_column type=\u00a0\u00bb4_4&Prime; _builder_version=\u00a0\u00bb4.20.4&Prime; _module_preset=\u00a0\u00bbdefault\u00a0\u00bb global_colors_info=\u00a0\u00bb{}\u00a0\u00bb][et_pb_text _builder_version=\u00a0\u00bb4.20.4&Prime; _module_preset=\u00a0\u00bbdefault\u00a0\u00bb text_font=\u00a0\u00bbPoppins||||||||\u00a0\u00bb text_text_color=\u00a0\u00bb#153E8E\u00a0\u00bb header_3_font=\u00a0\u00bbBebas Neue||||||||\u00a0\u00bb header_3_text_color=\u00a0\u00bb#153E8E\u00a0\u00bb header_3_font_size=\u00a0\u00bb30px\u00a0\u00bb hover_enabled=\u00a0\u00bb0&Prime; global_colors_info=\u00a0\u00bb{}\u00a0\u00bb sticky_enabled=\u00a0\u00bb0&Prime;]<\/p>\n<h3><span style=\"color: #000000;\">C \u2013 Les clients<\/span><\/h3>\n<p><span><\/span><\/p>\n<p><span style=\"color: #000000;\">Pedrero a environ<\/span><strong><span>\u00a0<\/span>2 000 clients professionnels<\/strong>.<span style=\"color: #000000;\"> Pedrero couvre notamment plusieurs d\u00e9partements fran\u00e7ais (l\u2019Aude, le Tarn, la Haute Garonne, l\u2019Ari\u00e8ge, une partie du Tarn-et-Garonne, du Gers et du Lot \u00e9galement) et exporte \u00e9galement ses produits \u00e0 l\u2019international (La R\u00e9union, le S\u00e9n\u00e9gal, la C\u00f4te d\u2019Ivoire,\u2026). Il est \u00e0 noter que le p\u00e9rim\u00e8tre g\u00e9ographique de l\u2019activit\u00e9 de Pedrero est aujourd\u2019hui restreint en France car l\u2019activit\u00e9 est sectoris\u00e9e de part l\u2019appartenance au r\u00e9seau BackEurop (<\/span><a href=\"http:\/\/www.backeurop.fr\/\">www.backeurop.fr<\/a><span style=\"color: #000000;\">) mais n\u2019est pas restreint \u00e0 l\u2019export.<\/span><\/p>\n<p><span style=\"color: #000000;\">La soci\u00e9t\u00e9 livre environ 300 commandes par jour (compos\u00e9es de 15 types de produits en moyenne par commande).<\/span><\/p>\n<p>[\/et_pb_text][\/et_pb_column][\/et_pb_row][et_pb_row column_structure=\u00a0\u00bb1_2,1_2&Prime; _builder_version=\u00a0\u00bb4.20.4&Prime; _module_preset=\u00a0\u00bbdefault\u00a0\u00bb global_colors_info=\u00a0\u00bb{}\u00a0\u00bb][et_pb_column type=\u00a0\u00bb1_2&Prime; _builder_version=\u00a0\u00bb4.20.4&Prime; _module_preset=\u00a0\u00bbdefault\u00a0\u00bb global_colors_info=\u00a0\u00bb{}\u00a0\u00bb][et_pb_text _builder_version=\u00a0\u00bb4.20.4&Prime; _module_preset=\u00a0\u00bbdefault\u00a0\u00bb text_font=\u00a0\u00bbPoppins||||||||\u00a0\u00bb text_text_color=\u00a0\u00bb#153E8E\u00a0\u00bb header_3_font=\u00a0\u00bbBebas Neue||||||||\u00a0\u00bb header_3_text_color=\u00a0\u00bb#153E8E\u00a0\u00bb header_3_font_size=\u00a0\u00bb30px\u00a0\u00bb hover_enabled=\u00a0\u00bb0&Prime; global_colors_info=\u00a0\u00bb{}\u00a0\u00bb sticky_enabled=\u00a0\u00bb0&Prime;]<\/p>\n<p><strong>Pedrero prend les commandes clients selon deux mod\u00e8les distincts :<\/strong><\/p>\n<p>&nbsp;<\/p>\n<ul>\n<li><span style=\"color: #000000;\">Un site e-commerce<\/span><span>\u00a0<\/span><a href=\"https:\/\/www.pedrero.fr\/\">https:\/\/www.pedrero.fr<\/a><span>\u00a0<\/span><span style=\"color: #000000;\">est disponible pour tous nos clients, leur laissant ainsi l\u2019opportunit\u00e9 d\u2019\u00eatre ind\u00e9pendant dans leur passage de commande<\/span><\/li>\n<li><span style=\"color: #000000;\">Des commerciaux rencontrent r\u00e9guli\u00e8rement les clients sur le terrain pour prendre les commandes au travers d\u2019une tablette PC et les transf\u00e8rent quotidiennement dans la gestion commerciale<\/span><\/li>\n<li><span style=\"color: #000000;\">Par t\u00e9l\u00e9phone gr\u00e2ce \u00e0 la t\u00e9l\u00e9vendeuse<\/span><\/li>\n<li><span style=\"color: #000000;\">Directement au si\u00e8ge de notre soci\u00e9t\u00e9.<\/span><\/li>\n<\/ul>\n<p>[\/et_pb_text][\/et_pb_column][et_pb_column type=\u00a0\u00bb1_2&Prime; _builder_version=\u00a0\u00bb4.20.4&Prime; _module_preset=\u00a0\u00bbdefault\u00a0\u00bb global_colors_info=\u00a0\u00bb{}\u00a0\u00bb][et_pb_text _builder_version=\u00a0\u00bb4.20.4&Prime; _module_preset=\u00a0\u00bbdefault\u00a0\u00bb text_font=\u00a0\u00bbPoppins||||||||\u00a0\u00bb text_text_color=\u00a0\u00bb#153E8E\u00a0\u00bb header_3_font=\u00a0\u00bbBebas Neue||||||||\u00a0\u00bb header_3_text_color=\u00a0\u00bb#153E8E\u00a0\u00bb header_3_font_size=\u00a0\u00bb30px\u00a0\u00bb hover_enabled=\u00a0\u00bb0&Prime; global_colors_info=\u00a0\u00bb{}\u00a0\u00bb sticky_enabled=\u00a0\u00bb0&Prime;]<\/p>\n<p><strong>Le chiffre d\u2019affaires se d\u00e9compose de la mani\u00e8re suivante\u00a0:<\/strong><\/p>\n<p>&nbsp;<\/p>\n<ul>\n<li><span style=\"color: #000000;\">2\/3 Boulangeries-P\u00e2tisseries<\/span><\/li>\n<li><span style=\"color: #000000;\">10% restauration<\/span><\/li>\n<li><span style=\"color: #000000;\">\u00a0Le reste GMS + export vers des grossistes, boulangers-p\u00e2tissiers \u00e0 l\u2019\u00e9tranger<\/span><\/li>\n<\/ul>\n<p>[\/et_pb_text][\/et_pb_column][\/et_pb_row][et_pb_row _builder_version=\u00a0\u00bb4.20.4&Prime; _module_preset=\u00a0\u00bbdefault\u00a0\u00bb global_colors_info=\u00a0\u00bb{}\u00a0\u00bb][et_pb_column type=\u00a0\u00bb4_4&Prime; _builder_version=\u00a0\u00bb4.20.4&Prime; _module_preset=\u00a0\u00bbdefault\u00a0\u00bb global_colors_info=\u00a0\u00bb{}\u00a0\u00bb][et_pb_image src=\u00a0\u00bbhttp:\/\/salon-pedrero.fr\/salon-pedrero\/wp-content\/uploads\/2023\/05\/salon-pedrero-communication-colrat-patilabo-backeurop-logo.png\u00a0\u00bb title_text=\u00a0\u00bbsalon-pedrero-communication-colrat-patilabo-backeurop-logo\u00a0\u00bb force_fullwidth=\u00a0\u00bbon\u00a0\u00bb _builder_version=\u00a0\u00bb4.20.4&Prime; _module_preset=\u00a0\u00bbdefault\u00a0\u00bb global_colors_info=\u00a0\u00bb{}\u00a0\u00bb][\/et_pb_image][et_pb_divider color=\u00a0\u00bb#153E8E\u00a0\u00bb divider_weight=\u00a0\u00bb5px\u00a0\u00bb _builder_version=\u00a0\u00bb4.20.4&Prime; _module_preset=\u00a0\u00bbdefault\u00a0\u00bb global_colors_info=\u00a0\u00bb{}\u00a0\u00bb][\/et_pb_divider][\/et_pb_column][\/et_pb_row][et_pb_row _builder_version=\u00a0\u00bb4.20.4&Prime; _module_preset=\u00a0\u00bbdefault\u00a0\u00bb global_colors_info=\u00a0\u00bb{}\u00a0\u00bb][et_pb_column type=\u00a0\u00bb4_4&Prime; _builder_version=\u00a0\u00bb4.20.4&Prime; _module_preset=\u00a0\u00bbdefault\u00a0\u00bb global_colors_info=\u00a0\u00bb{}\u00a0\u00bb][et_pb_text _builder_version=\u00a0\u00bb4.20.4&Prime; _module_preset=\u00a0\u00bbdefault\u00a0\u00bb text_font=\u00a0\u00bbPoppins||||||||\u00a0\u00bb text_text_color=\u00a0\u00bb#153E8E\u00a0\u00bb header_3_font=\u00a0\u00bbBebas Neue||||||||\u00a0\u00bb header_3_text_color=\u00a0\u00bb#153E8E\u00a0\u00bb header_3_font_size=\u00a0\u00bb30px\u00a0\u00bb hover_enabled=\u00a0\u00bb0&Prime; global_colors_info=\u00a0\u00bb{}\u00a0\u00bb sticky_enabled=\u00a0\u00bb0&Prime;]<\/p>\n<h3><span style=\"color: #000000;\">D \u2013 Les fournisseurs<\/span><\/h3>\n<p><span><\/span><\/p>\n<p><span style=\"color: #000000;\">Pedrero travaille avec 350 fournisseurs de type vari\u00e9s et de tailles diff\u00e9rentes (multinationales, petits fabricants de colorant, etc.)<\/span><\/p>\n<p>[\/et_pb_text][et_pb_divider color=\u00a0\u00bb#153E8E\u00a0\u00bb divider_weight=\u00a0\u00bb5px\u00a0\u00bb _builder_version=\u00a0\u00bb4.20.4&Prime; _module_preset=\u00a0\u00bbdefault\u00a0\u00bb hover_enabled=\u00a0\u00bb0&Prime; global_colors_info=\u00a0\u00bb{}\u00a0\u00bb sticky_enabled=\u00a0\u00bb0&Prime;][\/et_pb_divider][\/et_pb_column][\/et_pb_row][et_pb_row _builder_version=\u00a0\u00bb4.20.4&Prime; _module_preset=\u00a0\u00bbdefault\u00a0\u00bb custom_padding=\u00a0\u00bb||0px|||\u00a0\u00bb global_colors_info=\u00a0\u00bb{}\u00a0\u00bb][et_pb_column type=\u00a0\u00bb4_4&Prime; _builder_version=\u00a0\u00bb4.20.4&Prime; _module_preset=\u00a0\u00bbdefault\u00a0\u00bb global_colors_info=\u00a0\u00bb{}\u00a0\u00bb][et_pb_text _builder_version=\u00a0\u00bb4.20.4&Prime; _module_preset=\u00a0\u00bbdefault\u00a0\u00bb text_font=\u00a0\u00bbPoppins||||||||\u00a0\u00bb text_text_color=\u00a0\u00bb#153E8E\u00a0\u00bb header_3_font=\u00a0\u00bbBebas Neue||||||||\u00a0\u00bb header_3_text_color=\u00a0\u00bb#153E8E\u00a0\u00bb header_3_font_size=\u00a0\u00bb30px\u00a0\u00bb hover_enabled=\u00a0\u00bb0&Prime; global_colors_info=\u00a0\u00bb{}\u00a0\u00bb sticky_enabled=\u00a0\u00bb0&Prime;]<\/p>\n<h3><span style=\"color: #000000;\">E \u2013 Les moyens techniques<\/span><\/h3>\n<p>[\/et_pb_text][\/et_pb_column][\/et_pb_row][et_pb_row column_structure=\u00a0\u00bb1_2,1_2&Prime; _builder_version=\u00a0\u00bb4.20.4&Prime; _module_preset=\u00a0\u00bbdefault\u00a0\u00bb locked=\u00a0\u00bboff\u00a0\u00bb global_colors_info=\u00a0\u00bb{}\u00a0\u00bb][et_pb_column type=\u00a0\u00bb1_2&Prime; _builder_version=\u00a0\u00bb4.20.4&Prime; _module_preset=\u00a0\u00bbdefault\u00a0\u00bb global_colors_info=\u00a0\u00bb{}\u00a0\u00bb][et_pb_text _builder_version=\u00a0\u00bb4.20.4&Prime; _module_preset=\u00a0\u00bbdefault\u00a0\u00bb text_font=\u00a0\u00bbPoppins||||||||\u00a0\u00bb text_text_color=\u00a0\u00bb#153E8E\u00a0\u00bb header_3_font=\u00a0\u00bbBebas Neue||||||||\u00a0\u00bb header_3_text_color=\u00a0\u00bb#153E8E\u00a0\u00bb header_3_font_size=\u00a0\u00bb30px\u00a0\u00bb hover_enabled=\u00a0\u00bb0&Prime; global_colors_info=\u00a0\u00bb{}\u00a0\u00bb sticky_enabled=\u00a0\u00bb0&Prime;]<\/p>\n<p><span style=\"color: #000000;\"><strong>Locaux\u00a0:<\/strong><\/span><\/p>\n<ul>\n<li><span style=\"color: #000000;\">Narbonne\u00a0: si\u00e8ge de l\u2019entreprise et entrep\u00f4t logistique principal<\/span><br \/><span style=\"color: #000000;\">(6\u00a0000 m<sup>2<\/sup>)<\/span><\/li>\n<li><span style=\"color: #000000;\">Toulouse\u00a0: agence commerciale avec un entrep\u00f4t secondaire<\/span><\/li>\n<li><span style=\"color: #000000;\">Castres\u00a0: agence commerciale<\/span><\/li>\n<li><span style=\"color: #000000;\">Pamiers\u00a0: agence commerciale<\/span><\/li>\n<li><span style=\"color: #000000;\">Perpignan : agence commerciale<\/span><\/li>\n<\/ul>\n<p>[\/et_pb_text][\/et_pb_column][et_pb_column type=\u00a0\u00bb1_2&Prime; _builder_version=\u00a0\u00bb4.20.4&Prime; _module_preset=\u00a0\u00bbdefault\u00a0\u00bb global_colors_info=\u00a0\u00bb{}\u00a0\u00bb][et_pb_text _builder_version=\u00a0\u00bb4.20.4&Prime; _module_preset=\u00a0\u00bbdefault\u00a0\u00bb text_font=\u00a0\u00bbPoppins||||||||\u00a0\u00bb text_text_color=\u00a0\u00bb#153E8E\u00a0\u00bb header_3_font=\u00a0\u00bbBebas Neue||||||||\u00a0\u00bb header_3_text_color=\u00a0\u00bb#153E8E\u00a0\u00bb header_3_font_size=\u00a0\u00bb30px\u00a0\u00bb hover_enabled=\u00a0\u00bb0&Prime; global_colors_info=\u00a0\u00bb{}\u00a0\u00bb sticky_enabled=\u00a0\u00bb0&Prime;]<\/p>\n<p><span style=\"color: #000000;\"><strong>Moyens de transport :<\/strong><\/span><\/p>\n<ul>\n<li><span style=\"color: #000000;\">15 poids lourds de capacit\u00e9 11 palettes<\/span><\/li>\n<li><span style=\"color: #000000;\">1 semi-remorque de capacit\u00e9 33 palettes (en location)<\/span><\/li>\n<li><span style=\"color: #000000;\">2 camions Mascott de capacit\u00e9 3 palettes (en propre)<\/span><\/li>\n<li><span style=\"color: #000000;\">1 VL Jumpy d\u2019une capacit\u00e9 de 600 kg (en propre)<\/span><\/li>\n<\/ul>\n<p>[\/et_pb_text][\/et_pb_column][\/et_pb_row][et_pb_row _builder_version=\u00a0\u00bb4.20.4&Prime; _module_preset=\u00a0\u00bbdefault\u00a0\u00bb global_colors_info=\u00a0\u00bb{}\u00a0\u00bb][et_pb_column type=\u00a0\u00bb4_4&Prime; _builder_version=\u00a0\u00bb4.20.4&Prime; _module_preset=\u00a0\u00bbdefault\u00a0\u00bb global_colors_info=\u00a0\u00bb{}\u00a0\u00bb][et_pb_image src=\u00a0\u00bbhttp:\/\/salon-pedrero.fr\/salon-pedrero\/wp-content\/uploads\/2023\/05\/pedrero-patisserie-boulangerie-entrepot-transport.jpg\u00a0\u00bb title_text=\u00a0\u00bbpedrero-patisserie-boulangerie-entrepot-transport\u00a0\u00bb force_fullwidth=\u00a0\u00bbon\u00a0\u00bb _builder_version=\u00a0\u00bb4.20.4&Prime; _module_preset=\u00a0\u00bbdefault\u00a0\u00bb global_colors_info=\u00a0\u00bb{}\u00a0\u00bb][\/et_pb_image][\/et_pb_column][\/et_pb_row][\/et_pb_section]<\/p>\n","protected":false},"excerpt":{"rendered":"<p>Notre Histoire M. Philippe Pedrero, PDG &nbsp; L\u2018histoire\u00a0de l\u2019entreprise\u00a0Pedrero\u00a0d\u00e9marre en 1958, quand le p\u00e8re\u00a0G\u00e9rard Pedrero\u00a0d\u00e9cide de prendre sa 2 CV pour aller livrer les boulangers-p\u00e2tissiers du Narbonnais, avec leur savoir-faire ancestral et typiquement fran\u00e7ais. Les marchandises \u00e9taient alors entrepos\u00e9es Rue Yvan-P\u00e9lissier, chez la grand-m\u00e8re du PDG actuel\u00a0Philippe Pedrero, qui a pris il y a seize [&hellip;]<\/p>\n","protected":false},"author":1,"featured_media":0,"parent":0,"menu_order":0,"comment_status":"closed","ping_status":"closed","template":"","meta":{"_et_pb_use_builder":"on","_et_pb_old_content":"<!-- wp:divi\/placeholder \/-->","_et_gb_content_width":"","footnotes":""},"class_list":["post-208","page","type-page","status-publish","hentry"],"_links":{"self":[{"href":"https:\/\/salon-pedrero.fr\/salon-pedrero\/wp-json\/wp\/v2\/pages\/208","targetHints":{"allow":["GET"]}}],"collection":[{"href":"https:\/\/salon-pedrero.fr\/salon-pedrero\/wp-json\/wp\/v2\/pages"}],"about":[{"href":"https:\/\/salon-pedrero.fr\/salon-pedrero\/wp-json\/wp\/v2\/types\/page"}],"author":[{"embeddable":true,"href":"https:\/\/salon-pedrero.fr\/salon-pedrero\/wp-json\/wp\/v2\/users\/1"}],"replies":[{"embeddable":true,"href":"https:\/\/salon-pedrero.fr\/salon-pedrero\/wp-json\/wp\/v2\/comments?post=208"}],"version-history":[{"count":29,"href":"https:\/\/salon-pedrero.fr\/salon-pedrero\/wp-json\/wp\/v2\/pages\/208\/revisions"}],"predecessor-version":[{"id":1440,"href":"https:\/\/salon-pedrero.fr\/salon-pedrero\/wp-json\/wp\/v2\/pages\/208\/revisions\/1440"}],"wp:attachment":[{"href":"https:\/\/salon-pedrero.fr\/salon-pedrero\/wp-json\/wp\/v2\/media?parent=208"}],"curies":[{"name":"wp","href":"https:\/\/api.w.org\/{rel}","templated":true}]}}