{"id":245,"date":"2023-04-12T16:28:01","date_gmt":"2023-04-12T14:28:01","guid":{"rendered":"http:\/\/salon-pedrero.fr\/salon-pedrero\/?page_id=245"},"modified":"2025-06-25T08:46:57","modified_gmt":"2025-06-25T06:46:57","slug":"bilan-2019","status":"publish","type":"page","link":"https:\/\/salon-pedrero.fr\/salon-pedrero\/bilan-2019\/","title":{"rendered":"BILAN 2019"},"content":{"rendered":"<p>[et_pb_section fb_built=\u00a0\u00bb1&Prime; prev_background_color=\u00a0\u00bb#F48432&Prime; _builder_version=\u00a0\u00bb4.20.4&Prime; _module_preset=\u00a0\u00bbdefault\u00a0\u00bb background_color=\u00a0\u00bb#EBFFFF\u00a0\u00bb top_divider_style=\u00a0\u00bbcurve\u00a0\u00bb top_divider_flip=\u00a0\u00bbvertical\u00a0\u00bb global_colors_info=\u00a0\u00bb{}\u00a0\u00bb][et_pb_row _builder_version=\u00a0\u00bb4.20.4&Prime; _module_preset=\u00a0\u00bbdefault\u00a0\u00bb global_colors_info=\u00a0\u00bb{}\u00a0\u00bb][et_pb_column type=\u00a0\u00bb4_4&Prime; _builder_version=\u00a0\u00bb4.20.4&Prime; _module_preset=\u00a0\u00bbdefault\u00a0\u00bb global_colors_info=\u00a0\u00bb{}\u00a0\u00bb][et_pb_text _builder_version=\u00a0\u00bb4.20.4&Prime; _module_preset=\u00a0\u00bbdefault\u00a0\u00bb text_font=\u00a0\u00bbPoppins||||||||\u00a0\u00bb text_text_color=\u00a0\u00bb#153E8E\u00a0\u00bb header_2_font=\u00a0\u00bbBebas Neue||||||||\u00a0\u00bb header_2_text_color=\u00a0\u00bb#F48432&Prime; header_2_font_size=\u00a0\u00bb60px\u00a0\u00bb header_3_text_color=\u00a0\u00bb#153E8E\u00a0\u00bb hover_enabled=\u00a0\u00bb0&Prime; global_colors_info=\u00a0\u00bb{}\u00a0\u00bb sticky_enabled=\u00a0\u00bb0&Prime;]<\/p>\n<div class=\"entry clearfix\">\n<h2 class=\"title\"><span style=\"color: #000000;\">Bilan \u00e9dition 2023<\/span><\/h2>\n<div class=\"postmeta-primary\"><\/div>\n<div class=\"entry clearfix\">\n<p><span style=\"color: #000000;\">Notre salon des<strong> 09 &amp; 10 octobre 2023<\/strong>\u00a0\u00e0 l\u2019espace Diagora de Toulouse-Lab\u00e8ge fut une r\u00e9ussite tant pour nos clients, que pour les fournisseurs et nos visiteurs.<\/span><\/p>\n<p><span style=\"color: #000000;\">Accueillant pr\u00e8s de\u00a0<strong>\u00a02 500 visiteurs<\/strong>\u00a0pour\u00a0<strong>90 exposants<\/strong>, le salon Pedrero a su r\u00e9pondre aux objectifs annonc\u00e9s :<\/span><\/p>\n<p><span style=\"color: #000000;\"><em><\/em><\/span><\/p>\n<p><span style=\"color: #000000;\"><em>\u00a0 \u00a0 permettre aux professionnels des m\u00e9tiers de bouche de voir, sentir, toucher, go\u00fbter et appr\u00e9cier les produits des exposants.\u00a0<\/em><\/span><\/p>\n<p><span style=\"color: #000000;\">Nous tenions \u00e0 remercier l\u2019ensemble des exposants pr\u00e9sents sur le salon durant ces deux jours pour leur implication et leur soutien.<\/span><\/p>\n<p><span style=\"color: #000000;\">Nous remercions \u00e9galement les visiteurs pour leur pr\u00e9sence et leur r\u00e9el int\u00e9r\u00eat pour notre manifestation.<\/span><\/p>\n<p><span style=\"color: #000000;\">\u00a0<\/span><\/p>\n<p><span style=\"color: #000000;\"><strong><em>Rendez-vous en octobre 2025, pour poursuivre avec nous cette nouvelle aventure !<\/em><\/strong><\/span><\/p>\n<\/div>\n<\/div>\n<p>[\/et_pb_text][\/et_pb_column][\/et_pb_row][\/et_pb_section]<\/p>\n","protected":false},"excerpt":{"rendered":"<p>Bilan \u00e9dition 2023 Notre salon des 09 &amp; 10 octobre 2023\u00a0\u00e0 l\u2019espace Diagora de Toulouse-Lab\u00e8ge fut une r\u00e9ussite tant pour nos clients, que pour les fournisseurs et nos visiteurs. Accueillant pr\u00e8s de\u00a0\u00a02 500 visiteurs\u00a0pour\u00a090 exposants, le salon Pedrero a su r\u00e9pondre aux objectifs annonc\u00e9s : \u00a0 \u00a0 permettre aux professionnels des m\u00e9tiers de bouche de [&hellip;]<\/p>\n","protected":false},"author":1,"featured_media":0,"parent":0,"menu_order":0,"comment_status":"closed","ping_status":"closed","template":"","meta":{"_et_pb_use_builder":"on","_et_pb_old_content":"","_et_gb_content_width":"","footnotes":""},"class_list":["post-245","page","type-page","status-publish","hentry"],"_links":{"self":[{"href":"https:\/\/salon-pedrero.fr\/salon-pedrero\/wp-json\/wp\/v2\/pages\/245","targetHints":{"allow":["GET"]}}],"collection":[{"href":"https:\/\/salon-pedrero.fr\/salon-pedrero\/wp-json\/wp\/v2\/pages"}],"about":[{"href":"https:\/\/salon-pedrero.fr\/salon-pedrero\/wp-json\/wp\/v2\/types\/page"}],"author":[{"embeddable":true,"href":"https:\/\/salon-pedrero.fr\/salon-pedrero\/wp-json\/wp\/v2\/users\/1"}],"replies":[{"embeddable":true,"href":"https:\/\/salon-pedrero.fr\/salon-pedrero\/wp-json\/wp\/v2\/comments?post=245"}],"version-history":[{"count":4,"href":"https:\/\/salon-pedrero.fr\/salon-pedrero\/wp-json\/wp\/v2\/pages\/245\/revisions"}],"predecessor-version":[{"id":1451,"href":"https:\/\/salon-pedrero.fr\/salon-pedrero\/wp-json\/wp\/v2\/pages\/245\/revisions\/1451"}],"wp:attachment":[{"href":"https:\/\/salon-pedrero.fr\/salon-pedrero\/wp-json\/wp\/v2\/media?parent=245"}],"curies":[{"name":"wp","href":"https:\/\/api.w.org\/{rel}","templated":true}]}}