{"id":254,"date":"2023-04-12T16:30:38","date_gmt":"2023-04-12T14:30:38","guid":{"rendered":"http:\/\/salon-pedrero.fr\/salon-pedrero\/?page_id=254"},"modified":"2025-06-25T08:52:21","modified_gmt":"2025-06-25T06:52:21","slug":"infos-pratiques","status":"publish","type":"page","link":"https:\/\/salon-pedrero.fr\/salon-pedrero\/infos-pratiques\/","title":{"rendered":"INFOS PRATIQUES"},"content":{"rendered":"<p>[et_pb_section fb_built=\u00a0\u00bb1&Prime; _builder_version=\u00a0\u00bb4.20.4&Prime; _module_preset=\u00a0\u00bbdefault\u00a0\u00bb background_color=\u00a0\u00bb#EBFFFF\u00a0\u00bb top_divider_style=\u00a0\u00bbcurve\u00a0\u00bb top_divider_color=\u00a0\u00bb#F48432&Prime; top_divider_flip=\u00a0\u00bbvertical\u00a0\u00bb global_colors_info=\u00a0\u00bb{}\u00a0\u00bb][et_pb_row _builder_version=\u00a0\u00bb4.20.4&Prime; _module_preset=\u00a0\u00bbdefault\u00a0\u00bb global_colors_info=\u00a0\u00bb{}\u00a0\u00bb][et_pb_column type=\u00a0\u00bb4_4&Prime; _builder_version=\u00a0\u00bb4.20.4&Prime; _module_preset=\u00a0\u00bbdefault\u00a0\u00bb global_colors_info=\u00a0\u00bb{}\u00a0\u00bb][et_pb_text _builder_version=\u00a0\u00bb4.20.4&Prime; _module_preset=\u00a0\u00bbdefault\u00a0\u00bb text_font=\u00a0\u00bbPoppins||||||||\u00a0\u00bb text_text_color=\u00a0\u00bb#153E8E\u00a0\u00bb header_font=\u00a0\u00bbBebas Neue||||||||\u00a0\u00bb header_2_font=\u00a0\u00bbBebas Neue||||||||\u00a0\u00bb header_2_text_color=\u00a0\u00bb#F48432&Prime; header_2_font_size=\u00a0\u00bb60px\u00a0\u00bb global_colors_info=\u00a0\u00bb{}\u00a0\u00bb]<\/p>\n<h2>INFORMATIONS PRATIQUES<\/h2>\n<p>[\/et_pb_text][et_pb_text _builder_version=\u00a0\u00bb4.20.4&Prime; _module_preset=\u00a0\u00bbdefault\u00a0\u00bb text_font=\u00a0\u00bbPoppins||||||||\u00a0\u00bb text_text_color=\u00a0\u00bb#153E8E\u00a0\u00bb header_3_font=\u00a0\u00bbBebas Neue||||||||\u00a0\u00bb header_3_text_color=\u00a0\u00bb#F48432&Prime; header_3_font_size=\u00a0\u00bb30px\u00a0\u00bb global_colors_info=\u00a0\u00bb{}\u00a0\u00bb]<\/p>\n<h3>DATES<\/h3>\n<p><span style=\"color: #000000;\">Lundi 13 Octobre 2025 de 09h00 \u00e0 20h00<\/span><br \/><span style=\"color: #000000;\">Mardi 14 Octobre 2025 de 09h00 \u00e0 17h00<\/span><\/p>\n<p>[\/et_pb_text][et_pb_divider color=\u00a0\u00bb#153E8E\u00a0\u00bb divider_weight=\u00a0\u00bb5px\u00a0\u00bb _builder_version=\u00a0\u00bb4.20.4&Prime; _module_preset=\u00a0\u00bbdefault\u00a0\u00bb global_colors_info=\u00a0\u00bb{}\u00a0\u00bb][\/et_pb_divider][et_pb_text _builder_version=\u00a0\u00bb4.20.4&Prime; _module_preset=\u00a0\u00bbdefault\u00a0\u00bb text_font=\u00a0\u00bbPoppins||||||||\u00a0\u00bb text_text_color=\u00a0\u00bb#153E8E\u00a0\u00bb header_3_font=\u00a0\u00bbBebas Neue||||||||\u00a0\u00bb header_3_text_color=\u00a0\u00bb#F48432&Prime; header_3_font_size=\u00a0\u00bb30px\u00a0\u00bb hover_enabled=\u00a0\u00bb0&Prime; locked=\u00a0\u00bboff\u00a0\u00bb global_colors_info=\u00a0\u00bb{}\u00a0\u00bb sticky_enabled=\u00a0\u00bb0&Prime;]<\/p>\n<h3>TARIFS<\/h3>\n<p><span style=\"color: #000000;\">Manifestation r\u00e9serv\u00e9e aux professionnels.<\/span><\/p>\n<p><span style=\"color: #000000;\">Un justificatif pourra vous \u00eatre demand\u00e9 \u00e0 l\u2019accueil.<\/span><\/p>\n<p><span style=\"color: #000000;\">Entr\u00e9e gratuite sur pr\u00e9sentation d\u2019un badge.<\/span><\/p>\n<p>[\/et_pb_text][et_pb_divider color=\u00a0\u00bb#153E8E\u00a0\u00bb divider_weight=\u00a0\u00bb5px\u00a0\u00bb _builder_version=\u00a0\u00bb4.20.4&Prime; _module_preset=\u00a0\u00bbdefault\u00a0\u00bb locked=\u00a0\u00bboff\u00a0\u00bb global_colors_info=\u00a0\u00bb{}\u00a0\u00bb][\/et_pb_divider][et_pb_text _builder_version=\u00a0\u00bb4.20.4&Prime; _module_preset=\u00a0\u00bbdefault\u00a0\u00bb text_font=\u00a0\u00bbPoppins||||||||\u00a0\u00bb text_text_color=\u00a0\u00bb#153E8E\u00a0\u00bb header_3_font=\u00a0\u00bbBebas Neue||||||||\u00a0\u00bb header_3_text_color=\u00a0\u00bb#F48432&Prime; header_3_font_size=\u00a0\u00bb30px\u00a0\u00bb hover_enabled=\u00a0\u00bb0&Prime; locked=\u00a0\u00bboff\u00a0\u00bb global_colors_info=\u00a0\u00bb{}\u00a0\u00bb custom_padding=\u00a0\u00bb||0px|||\u00a0\u00bb sticky_enabled=\u00a0\u00bb0&Prime;]<\/p>\n<h3>ADRESSE<\/h3>\n<p><span style=\"color: #000000;\">Espace Diagora<\/span><br \/><span style=\"color: #000000;\">CENTRE DE CONGRES ET D\u2019EXPOSITION DIAGORA<\/span><br \/><span style=\"color: #000000;\">150 Rue Pierre Gilles de Gennes<\/span><br \/><span style=\"color: #000000;\">31670 Toulouse \u2013 Lab\u00e8ge<\/span><br \/><span style=\"color: #000000;\">T\u00e9l. : 05 61 39 93 39 \u2013 Fax : 05 61 39 79 80<\/span><br \/><span style=\"color: #000000;\">salon@pedrero.fr<\/span><\/p>\n<p><span style=\"color: #000000;\">Coordonn\u00e9es GPS :<\/span><br \/><span style=\"color: #000000;\">Latitude : 43.5407162<\/span><br \/><span style=\"color: #000000;\">Longitude : 1.5142611<\/span><\/p>\n<p>[\/et_pb_text][et_pb_divider color=\u00a0\u00bb#153E8E\u00a0\u00bb divider_weight=\u00a0\u00bb5px\u00a0\u00bb _builder_version=\u00a0\u00bb4.20.4&Prime; _module_preset=\u00a0\u00bbdefault\u00a0\u00bb locked=\u00a0\u00bboff\u00a0\u00bb global_colors_info=\u00a0\u00bb{}\u00a0\u00bb][\/et_pb_divider][et_pb_text _builder_version=\u00a0\u00bb4.20.4&Prime; _module_preset=\u00a0\u00bbdefault\u00a0\u00bb text_font=\u00a0\u00bbPoppins||||||||\u00a0\u00bb text_text_color=\u00a0\u00bb#153E8E\u00a0\u00bb header_3_font=\u00a0\u00bbBebas Neue||||||||\u00a0\u00bb header_3_text_color=\u00a0\u00bb#F48432&Prime; header_3_font_size=\u00a0\u00bb30px\u00a0\u00bb locked=\u00a0\u00bboff\u00a0\u00bb global_colors_info=\u00a0\u00bb{}\u00a0\u00bb]<\/p>\n<h3>PLAN DE L&rsquo;AGGLOM\u00c9RATION<\/h3>\n<p>[\/et_pb_text][et_pb_image src=\u00a0\u00bbhttp:\/\/salon-pedrero.fr\/salon-pedrero\/wp-content\/uploads\/2023\/04\/plan-acces-salon-pedrero.gif\u00a0\u00bb title_text=\u00a0\u00bbplan-acces-salon-pedrero\u00a0\u00bb _builder_version=\u00a0\u00bb4.20.4&Prime; _module_preset=\u00a0\u00bbdefault\u00a0\u00bb global_colors_info=\u00a0\u00bb{}\u00a0\u00bb][\/et_pb_image][et_pb_divider color=\u00a0\u00bb#153E8E\u00a0\u00bb divider_weight=\u00a0\u00bb5px\u00a0\u00bb _builder_version=\u00a0\u00bb4.20.4&Prime; _module_preset=\u00a0\u00bbdefault\u00a0\u00bb locked=\u00a0\u00bboff\u00a0\u00bb global_colors_info=\u00a0\u00bb{}\u00a0\u00bb][\/et_pb_divider][et_pb_text _builder_version=\u00a0\u00bb4.20.4&Prime; _module_preset=\u00a0\u00bbdefault\u00a0\u00bb text_font=\u00a0\u00bbPoppins||||||||\u00a0\u00bb text_text_color=\u00a0\u00bb#153E8E\u00a0\u00bb header_3_font=\u00a0\u00bbBebas Neue||||||||\u00a0\u00bb header_3_text_color=\u00a0\u00bb#F48432&Prime; header_3_font_size=\u00a0\u00bb30px\u00a0\u00bb locked=\u00a0\u00bboff\u00a0\u00bb global_colors_info=\u00a0\u00bb{}\u00a0\u00bb]<\/p>\n<h3>PLAN DE LAB\u00c8GE INNOPOLE<\/h3>\n<p>[\/et_pb_text][et_pb_image src=\u00a0\u00bbhttp:\/\/salon-pedrero.fr\/salon-pedrero\/wp-content\/uploads\/2023\/05\/plan-refait.png\u00a0\u00bb title_text=\u00a0\u00bbplan-refait\u00a0\u00bb _builder_version=\u00a0\u00bb4.20.4&Prime; _module_preset=\u00a0\u00bbdefault\u00a0\u00bb global_colors_info=\u00a0\u00bb{}\u00a0\u00bb][\/et_pb_image][et_pb_text _builder_version=\u00a0\u00bb4.20.4&Prime; _module_preset=\u00a0\u00bbdefault\u00a0\u00bb text_font=\u00a0\u00bbPoppins||||||||\u00a0\u00bb text_text_color=\u00a0\u00bb#153E8E\u00a0\u00bb header_3_font=\u00a0\u00bbBebas Neue||||||||\u00a0\u00bb header_3_text_color=\u00a0\u00bb#F48432&Prime; header_3_font_size=\u00a0\u00bb30px\u00a0\u00bb hover_enabled=\u00a0\u00bb0&Prime; global_colors_info=\u00a0\u00bb{}\u00a0\u00bb sticky_enabled=\u00a0\u00bb0&Prime;]<\/p>\n<p><span><strong>Venir en voiture<\/strong><\/span><\/p>\n<p><span style=\"color: #000000;\">\u2022 P\u00e9riph\u00e9rique sortie 19 \/ Lab\u00e8ge Le Palays<\/span><br \/><span style=\"color: #000000;\">\u2022 De l\u2019a\u00e9roport Toulouse-Blagnac, de Tarbes, suivre Montpellier, Sortie 19 Lab\u00e8ge.<\/span><br \/><span style=\"color: #000000;\">\u2022 De la gare SNCF Toulouse-Matabiau, de Bordeaux (A62), d\u2019Albi (A68), d\u2019Auch, prendre direction A61 Montpellier, sortie 19a Lab\u00e8ge.<\/span><br \/><span style=\"color: #000000;\">\u2022 De Montpellier (A61), Toulouse-centre, sortie Le Palays \/ Lab\u00e8ge.<\/span><\/p>\n<p><span><strong>Venir en taxi<\/strong><\/span><\/p>\n<p><span style=\"color: #000000;\">Compagnies de taxis op\u00e9rant sur Lab\u00e8ge Innopole :<\/span><br \/><span style=\"color: #000000;\">\u2022 Taxi Lab\u00e8ge : 06 30 33 88 33<\/span><br \/><span style=\"color: #000000;\">\u2022 Taxi Lab\u00e8ge Innopole : 05 62 24 42 42 \u2013 06 09 57 49 21<\/span><br \/><span style=\"color: #000000;\">\u2022 Taxi Tolosan : 05 61 73 47 47<\/span><br \/><span style=\"color: #000000;\">\u2022 Alex Taxi : 06 15 36 36 31<\/span><\/p>\n<p><span><strong>Venir en m\u00e9tro + bus<\/strong><\/span><\/p>\n<p><span style=\"color: #000000;\">Informations TISSEO : 05 61 41 70 70<\/span><\/p>\n<p><span style=\"color: #000000;\">METRO LIGNE B + BUS 79<\/span><br \/><span style=\"color: #000000;\">Prendre le m\u00e9tro ligne B en direction de Ramonville (terminus) \u2013 fr\u00e9quence 1,20 min.<\/span><br \/><span style=\"color: #000000;\">A Ramonville, bus 79, arr\u00eat De Gennes devant DIAGORA. Fr\u00e9quence 20 min.<\/span><br \/><span style=\"color: #000000;\">De la station Jean-Jaur\u00e8s \u00e0 Toulouse, acc\u00e8s environ 40 min.<\/span><br \/><span style=\"color: #000000;\">\u2022 Horaires et plan ligne 79<\/span><br \/>\u2022<span>\u00a0<\/span><a href=\"http:\/\/www.tisseo.fr\/\" target=\"blank\" rel=\"noopener noreferrer\">www.tisseo.fr<\/a><\/p>\n<p><span><strong>Venir en train<\/strong><\/span><\/p>\n<p><span style=\"color: #000000;\">Informations SNCF : 08 36 35 35 35 \/ 05 61 81 05 07<\/span><br \/><span style=\"color: #000000;\">Gare SNCF Toulouse Matabiau \/ Gare SNCF de Lab\u00e8ge-Innopole : acc\u00e8s 15 min.<\/span><br \/>\u2022<span>\u00a0<\/span><a href=\"http:\/\/www.voyages-sncf.com\/\" target=\"blank\" rel=\"noopener noreferrer\">www.voyages-sncf.com<\/a><\/p>\n<p><span><strong>Venir en avion<\/strong><\/span><\/p>\n<p><span style=\"color: #000000;\">Informations A\u00e9roport : 05 61 42 44 00<\/span><br \/><span style=\"color: #000000;\">A\u00e9roport International de Toulouse-Blagnac : acc\u00e8s direct par le p\u00e9riph\u00e9rique 20 min.<\/span><br \/><span style=\"color: #000000;\">Liaisons nationales et internationales quotidiennes.<\/span><br \/>\u2022<span>\u00a0<\/span><a href=\"http:\/\/www.toulouse.aeroport.fr\/\" target=\"blank\" rel=\"noopener noreferrer\">www.toulouse.aeroport.fr<\/a><\/p>\n<p>[\/et_pb_text][et_pb_divider color=\u00a0\u00bb#153E8E\u00a0\u00bb divider_weight=\u00a0\u00bb5px\u00a0\u00bb _builder_version=\u00a0\u00bb4.20.4&Prime; _module_preset=\u00a0\u00bbdefault\u00a0\u00bb locked=\u00a0\u00bboff\u00a0\u00bb global_colors_info=\u00a0\u00bb{}\u00a0\u00bb][\/et_pb_divider][et_pb_text _builder_version=\u00a0\u00bb4.20.4&Prime; _module_preset=\u00a0\u00bbdefault\u00a0\u00bb text_font=\u00a0\u00bbPoppins||||||||\u00a0\u00bb text_text_color=\u00a0\u00bb#153E8E\u00a0\u00bb header_3_font=\u00a0\u00bbBebas Neue||||||||\u00a0\u00bb header_3_text_color=\u00a0\u00bb#F48432&Prime; header_3_font_size=\u00a0\u00bb30px\u00a0\u00bb locked=\u00a0\u00bboff\u00a0\u00bb global_colors_info=\u00a0\u00bb{}\u00a0\u00bb]<\/p>\n<h3>H\u00c9BERGEMENT<\/h3>\n<p>[\/et_pb_text][et_pb_image src=\u00a0\u00bbhttp:\/\/salon-pedrero.fr\/salon-pedrero\/wp-content\/uploads\/2023\/05\/hotels-1.png\u00a0\u00bb title_text=\u00a0\u00bbhotels-1&Prime; _builder_version=\u00a0\u00bb4.20.4&Prime; _module_preset=\u00a0\u00bbdefault\u00a0\u00bb global_colors_info=\u00a0\u00bb{}\u00a0\u00bb][\/et_pb_image][et_pb_image src=\u00a0\u00bbhttp:\/\/salon-pedrero.fr\/salon-pedrero\/wp-content\/uploads\/2023\/05\/hoteld-22.png\u00a0\u00bb title_text=\u00a0\u00bbhoteld-22&Prime; _builder_version=\u00a0\u00bb4.20.4&Prime; _module_preset=\u00a0\u00bbdefault\u00a0\u00bb global_colors_info=\u00a0\u00bb{}\u00a0\u00bb][\/et_pb_image][et_pb_divider color=\u00a0\u00bb#153E8E\u00a0\u00bb divider_weight=\u00a0\u00bb5px\u00a0\u00bb _builder_version=\u00a0\u00bb4.20.4&Prime; _module_preset=\u00a0\u00bbdefault\u00a0\u00bb locked=\u00a0\u00bboff\u00a0\u00bb global_colors_info=\u00a0\u00bb{}\u00a0\u00bb][\/et_pb_divider][et_pb_text _builder_version=\u00a0\u00bb4.20.4&Prime; _module_preset=\u00a0\u00bbdefault\u00a0\u00bb text_font=\u00a0\u00bbPoppins||||||||\u00a0\u00bb text_text_color=\u00a0\u00bb#153E8E\u00a0\u00bb header_3_font=\u00a0\u00bbBebas Neue||||||||\u00a0\u00bb header_3_text_color=\u00a0\u00bb#F48432&Prime; header_3_font_size=\u00a0\u00bb30px\u00a0\u00bb hover_enabled=\u00a0\u00bb0&Prime; locked=\u00a0\u00bboff\u00a0\u00bb global_colors_info=\u00a0\u00bb{}\u00a0\u00bb sticky_enabled=\u00a0\u00bb0&Prime;]<\/p>\n<h3>SERVICES ANNEXES<\/h3>\n<p><span style=\"color: #000000;\">Parking gratuit<\/span><br \/><span style=\"color: #000000;\">Garderie pour enfants<\/span><\/p>\n<p>[\/et_pb_text][et_pb_divider color=\u00a0\u00bb#153E8E\u00a0\u00bb divider_weight=\u00a0\u00bb5px\u00a0\u00bb _builder_version=\u00a0\u00bb4.20.4&Prime; _module_preset=\u00a0\u00bbdefault\u00a0\u00bb locked=\u00a0\u00bboff\u00a0\u00bb global_colors_info=\u00a0\u00bb{}\u00a0\u00bb][\/et_pb_divider][et_pb_text _builder_version=\u00a0\u00bb4.20.4&Prime; _module_preset=\u00a0\u00bbdefault\u00a0\u00bb text_font=\u00a0\u00bbPoppins||||||||\u00a0\u00bb text_text_color=\u00a0\u00bb#153E8E\u00a0\u00bb header_3_font=\u00a0\u00bbBebas Neue||||||||\u00a0\u00bb header_3_text_color=\u00a0\u00bb#F48432&Prime; header_3_font_size=\u00a0\u00bb30px\u00a0\u00bb hover_enabled=\u00a0\u00bb0&Prime; locked=\u00a0\u00bboff\u00a0\u00bb global_colors_info=\u00a0\u00bb{}\u00a0\u00bb sticky_enabled=\u00a0\u00bb0&Prime;]<\/p>\n<h3>RESTAURATION<\/h3>\n<p><span style=\"color: #000000;\">Offerte sur pr\u00e9-enregistrement sur notre site :<\/span><span>\u00a0<\/span><a target=\"_blank\" rel=\"noopener noreferrer\">cliquez-ici<\/a><\/p>\n<p>[\/et_pb_text][\/et_pb_column][\/et_pb_row][\/et_pb_section]<\/p>\n","protected":false},"excerpt":{"rendered":"<p>INFORMATIONS PRATIQUESDATES Lundi 13 Octobre 2025 de 09h00 \u00e0 20h00Mardi 14 Octobre 2025 de 09h00 \u00e0 17h00TARIFS Manifestation r\u00e9serv\u00e9e aux professionnels. Un justificatif pourra vous \u00eatre demand\u00e9 \u00e0 l\u2019accueil. Entr\u00e9e gratuite sur pr\u00e9sentation d\u2019un badge.ADRESSE Espace DiagoraCENTRE DE CONGRES ET D\u2019EXPOSITION DIAGORA150 Rue Pierre Gilles de Gennes31670 Toulouse \u2013 Lab\u00e8geT\u00e9l. : 05 61 39 93 [&hellip;]<\/p>\n","protected":false},"author":1,"featured_media":0,"parent":0,"menu_order":0,"comment_status":"closed","ping_status":"closed","template":"","meta":{"_et_pb_use_builder":"on","_et_pb_old_content":"<!-- wp:divi\/placeholder \/-->","_et_gb_content_width":"","footnotes":""},"class_list":["post-254","page","type-page","status-publish","hentry"],"_links":{"self":[{"href":"https:\/\/salon-pedrero.fr\/salon-pedrero\/wp-json\/wp\/v2\/pages\/254","targetHints":{"allow":["GET"]}}],"collection":[{"href":"https:\/\/salon-pedrero.fr\/salon-pedrero\/wp-json\/wp\/v2\/pages"}],"about":[{"href":"https:\/\/salon-pedrero.fr\/salon-pedrero\/wp-json\/wp\/v2\/types\/page"}],"author":[{"embeddable":true,"href":"https:\/\/salon-pedrero.fr\/salon-pedrero\/wp-json\/wp\/v2\/users\/1"}],"replies":[{"embeddable":true,"href":"https:\/\/salon-pedrero.fr\/salon-pedrero\/wp-json\/wp\/v2\/comments?post=254"}],"version-history":[{"count":10,"href":"https:\/\/salon-pedrero.fr\/salon-pedrero\/wp-json\/wp\/v2\/pages\/254\/revisions"}],"predecessor-version":[{"id":1453,"href":"https:\/\/salon-pedrero.fr\/salon-pedrero\/wp-json\/wp\/v2\/pages\/254\/revisions\/1453"}],"wp:attachment":[{"href":"https:\/\/salon-pedrero.fr\/salon-pedrero\/wp-json\/wp\/v2\/media?parent=254"}],"curies":[{"name":"wp","href":"https:\/\/api.w.org\/{rel}","templated":true}]}}